{"id":6035,"date":"2022-12-28T11:39:13","date_gmt":"2022-12-28T10:39:13","guid":{"rendered":"https:\/\/www.divertimento.cat\/politica-cookies\/"},"modified":"2024-05-14T06:38:30","modified_gmt":"2024-05-14T04:38:30","slug":"politica-cookies","status":"publish","type":"page","link":"https:\/\/www.divertimento.cat\/ca\/politica-cookies\/","title":{"rendered":"Pol\u00edtica de cookies"},"content":{"rendered":"<div class=\"fusion-fullwidth fullwidth-box fusion-builder-row-1 fusion-flex-container has-pattern-background has-mask-background nonhundred-percent-fullwidth non-hundred-percent-height-scrolling\" style=\"--awb-border-radius-top-left:0px;--awb-border-radius-top-right:0px;--awb-border-radius-bottom-right:0px;--awb-border-radius-bottom-left:0px;--awb-flex-wrap:wrap;\" ><div class=\"fusion-builder-row fusion-row fusion-flex-align-items-flex-start fusion-flex-content-wrap\" style=\"max-width:1216.8px;margin-left: calc(-4% \/ 2 );margin-right: calc(-4% \/ 2 );\"><div class=\"fusion-layout-column fusion_builder_column fusion-builder-column-0 fusion_builder_column_1_1 1_1 fusion-flex-column\" style=\"--awb-bg-size:cover;--awb-width-large:100%;--awb-margin-top-large:0px;--awb-spacing-right-large:1.92%;--awb-margin-bottom-large:20px;--awb-spacing-left-large:1.92%;--awb-width-medium:100%;--awb-order-medium:0;--awb-spacing-right-medium:1.92%;--awb-spacing-left-medium:1.92%;--awb-width-small:100%;--awb-order-small:0;--awb-spacing-right-small:1.92%;--awb-spacing-left-small:1.92%;\"><div class=\"fusion-column-wrapper fusion-column-has-shadow fusion-flex-justify-content-flex-start fusion-content-layout-column\"><div class=\"fusion-separator fusion-full-width-sep\" style=\"align-self: center;margin-left: auto;margin-right: auto;margin-top:10px;margin-bottom:10px;width:100%;\"><\/div><div class=\"fusion-text fusion-text-1\"><ol>\n<li><strong><span style=\"font-size: 20px;\">Qu\u00e8 s\u00f3n les galetes?<\/span><\/strong>Les cookies s\u00f3n petits fitxers de text que s&#8217;emmagatzemen al teu ordinador o dispositiu m\u00f2bil quan visites un lloc web. Aquests fitxers contenen informaci\u00f3 sobre la vostra navegaci\u00f3 al lloc web i poden ser utilitzats per personalitzar la vostra experi\u00e8ncia en l\u00ednia.<\/li>\n<li><strong><span style=\"font-size: 20px;\">Quin tipus de galetes utilitzem?<\/span><\/strong>A Divertimento, utilitzem cookies de sessi\u00f3 i cookies persistents. Les galetes de sessi\u00f3 s\u00f3n temporals i s&#8217;eliminen autom\u00e0ticament quan tanques el teu navegador. Les galetes persistents romanen al dispositiu durant un per\u00edode de temps determinat. Aquestes galetes poden ser utilitzades per personalitzar la teva experi\u00e8ncia en l\u00ednia i per proporcionar informaci\u00f3 personalitzada.\n<p>A m\u00e9s, Divertimento utilitza galetes de tercers de serveis com Google Analytics per recopilar informaci\u00f3 sobre l&#8217;\u00fas del lloc web i per ajudar-nos a millorar els nostres serveis. Aquestes galetes poden recopilar informaci\u00f3 sobre els teus h\u00e0bits de navegaci\u00f3 al nostre lloc web i en altres llocs web.<\/li>\n<li><strong><span style=\"font-size: 20px;\">Com utilitzem les galetes?<\/span><\/strong>A Divertimento, utilitzem cookies per personalitzar la teva experi\u00e8ncia en l\u00ednia i per millorar la funcionalitat del lloc web. Alguns exemples de com utilitzem les galetes inclouen:\n<p>Recordar les vostres prefer\u00e8ncies d&#8217;idioma i ubicaci\u00f3.<br \/>\nPersonalitzar el contingut i la publicitat que veus al nostre lloc web.<br \/>\nMillorar la velocitat i el rendiment del lloc web.<br \/>\nAnalitzar com es fa servir el nostre lloc web i com podem millorar-lo.<\/li>\n<li><strong><span style=\"font-size: 20px;\">Com pots controlar les galetes?<\/span><\/strong>Pots controlar l&#8217;\u00fas de galetes al teu navegador web. Si preferiu no rebre cookies, podeu ajustar la configuraci\u00f3 del vostre navegador per rebutjar les cookies o perqu\u00e8 se&#8217;t notifiqui quan s&#8217;estiguin utilitzant cookies. Tingueu en compte que si desactiveu les galetes, \u00e9s possible que no pugueu accedir a certes parts del lloc web o que la funcionalitat del lloc web es vegi afectada.<\/li>\n<li><strong><span style=\"font-size: 20px;\">Com protegim les teves dades personals?<\/span><\/strong>Divertimento es compromet a protegir la teva privadesa ia garantir que les teves dades personals siguin tractades de manera segura i responsable. Per obtenir m\u00e9s informaci\u00f3 sobre com processem les teves dades personals, consulta la nostra Pol\u00edtica de Privadesa.<\/li>\n<li><strong><span style=\"font-size: 20px;\">Com acceptes l&#8217;\u00fas de galetes?<\/span><\/strong>En utilitzar el nostre lloc web, acceptes l&#8217;\u00fas de galetes de conformitat amb aquesta Pol\u00edtica de Cookies. Si voleu desactivar les galetes o ajustar la configuraci\u00f3 del vostre navegador, consulteu la secci\u00f3 d&#8217;ajuda del vostre navegador web per obtenir m\u00e9s informaci\u00f3.<\/li>\n<\/ol>\n<\/div><\/div><\/div><\/div><\/div>\n","protected":false},"excerpt":{"rendered":"","protected":false},"author":2,"featured_media":0,"parent":0,"menu_order":0,"comment_status":"closed","ping_status":"closed","template":"","meta":{"_acf_changed":false,"footnotes":""},"class_list":["post-6035","page","type-page","status-publish","hentry"],"acf":[],"_links":{"self":[{"href":"https:\/\/www.divertimento.cat\/ca\/wp-json\/wp\/v2\/pages\/6035","targetHints":{"allow":["GET"]}}],"collection":[{"href":"https:\/\/www.divertimento.cat\/ca\/wp-json\/wp\/v2\/pages"}],"about":[{"href":"https:\/\/www.divertimento.cat\/ca\/wp-json\/wp\/v2\/types\/page"}],"author":[{"embeddable":true,"href":"https:\/\/www.divertimento.cat\/ca\/wp-json\/wp\/v2\/users\/2"}],"replies":[{"embeddable":true,"href":"https:\/\/www.divertimento.cat\/ca\/wp-json\/wp\/v2\/comments?post=6035"}],"version-history":[{"count":2,"href":"https:\/\/www.divertimento.cat\/ca\/wp-json\/wp\/v2\/pages\/6035\/revisions"}],"predecessor-version":[{"id":8685,"href":"https:\/\/www.divertimento.cat\/ca\/wp-json\/wp\/v2\/pages\/6035\/revisions\/8685"}],"wp:attachment":[{"href":"https:\/\/www.divertimento.cat\/ca\/wp-json\/wp\/v2\/media?parent=6035"}],"curies":[{"name":"wp","href":"https:\/\/api.w.org\/{rel}","templated":true}]}}